{"id":106,"date":"2016-09-27T14:23:52","date_gmt":"2016-09-27T14:23:52","guid":{"rendered":"http:\/\/www.complexeloreto.com\/it\/?page_id=106"},"modified":"2024-08-07T14:58:10","modified_gmt":"2024-08-07T14:58:10","slug":"servizi","status":"publish","type":"page","link":"https:\/\/www.complexeloreto.com\/it\/servizi\/","title":{"rendered":"SERVIZI"},"content":{"rendered":"\n<h1>\n\t\tPRESTABILIMENTO\n\t<\/h1>\n<p><strong>Cos&#8217;\u00e8 un prestabilimento?<\/strong><\/p>\n<p>Un prestabilimento \u00e8 un servizio offerto dalla sala mortuaria (impresa di pompe funebri) concepito per aiutarvi a pianificare in anticipo il vostro ufficio funebre per mezzo di un accordo preliminario. Il suo intento \u00e8 di alleviare le responsabilit\u00e0 dei vostri cari in un momento difficile, cos\u00ec offrendo tranquillit\u00e0 e pace d&#8217;anima.<\/p>\n<strong>Come prestabilire il vostro funerale ?<br \/>\n<\/strong><br \/>\nI dettagli del contratto saranno precisati durante il vostro incontro con un rappresentante della sala mortuaria. Ci\u00f2 vi dar\u00e0 l&#8217;opportunit\u00e0 di selezzionare il tipo di funerale da voi desiderato, i servizi richiesti, cos\u00ec come l&#8217;occasione di ripasare le clausole di contratto.\n<p><strong>Perch\u00e9 prestabilire il vostro funerale ?<\/strong><\/p>\n<p>Il prestabilimento funziona allo stesso modo di un testamento o di una polizza d&#8217;assicurazione-vita, il cui scopo \u00e8 di dare sicurezza e pace d&#8217;anima ai vostri cari. In questa maniera, il denaro \u00e8 garantito al costo d&#8217;oggi e sar\u00e0 depositato in un fondo fiduciario e libero di tasse.<\/p>\n<h2>\n\t\tCONTATTACI\n\t<\/h2>\n\n","protected":false},"excerpt":{"rendered":"<p>PRESTABILIMENTO Cos&#8217;\u00e8 un prestabilimento? Un prestabilimento \u00e8 un servizio offerto dalla sala mortuaria (impresa di pompe funebri) concepito per aiutarvi [&hellip;]<\/p>\n","protected":false},"author":2,"featured_media":0,"parent":0,"menu_order":0,"comment_status":"closed","ping_status":"closed","template":"","meta":{"_acf_changed":false,"site-sidebar-layout":"default","site-content-layout":"","ast-site-content-layout":"default","site-content-style":"default","site-sidebar-style":"default","ast-global-header-display":"","ast-banner-title-visibility":"","ast-main-header-display":"","ast-hfb-above-header-display":"","ast-hfb-below-header-display":"","ast-hfb-mobile-header-display":"","site-post-title":"disabled","ast-breadcrumbs-content":"","ast-featured-img":"","footer-sml-layout":"","ast-disable-related-posts":"","theme-transparent-header-meta":"default","adv-header-id-meta":"","stick-header-meta":"","header-above-stick-meta":"","header-main-stick-meta":"","header-below-stick-meta":"","astra-migrate-meta-layouts":"default","ast-page-background-enabled":"default","ast-page-background-meta":{"desktop":{"background-color":"var(--ast-global-color-4)","background-image":"","background-repeat":"repeat","background-position":"center center","background-size":"auto","background-attachment":"scroll","background-type":"","background-media":"","overlay-type":"","overlay-color":"","overlay-opacity":"","overlay-gradient":""},"tablet":{"background-color":"","background-image":"","background-repeat":"repeat","background-position":"center center","background-size":"auto","background-attachment":"scroll","background-type":"","background-media":"","overlay-type":"","overlay-color":"","overlay-opacity":"","overlay-gradient":""},"mobile":{"background-color":"","background-image":"","background-repeat":"repeat","background-position":"center center","background-size":"auto","background-attachment":"scroll","background-type":"","background-media":"","overlay-type":"","overlay-color":"","overlay-opacity":"","overlay-gradient":""}},"ast-content-background-meta":{"desktop":{"background-color":"var(--ast-global-color-5)","background-image":"","background-repeat":"repeat","background-position":"center center","background-size":"auto","background-attachment":"scroll","background-type":"","background-media":"","overlay-type":"","overlay-color":"","overlay-opacity":"","overlay-gradient":""},"tablet":{"background-color":"var(--ast-global-color-5)","background-image":"","background-repeat":"repeat","background-position":"center center","background-size":"auto","background-attachment":"scroll","background-type":"","background-media":"","overlay-type":"","overlay-color":"","overlay-opacity":"","overlay-gradient":""},"mobile":{"background-color":"var(--ast-global-color-5)","background-image":"","background-repeat":"repeat","background-position":"center center","background-size":"auto","background-attachment":"scroll","background-type":"","background-media":"","overlay-type":"","overlay-color":"","overlay-opacity":"","overlay-gradient":""}},"footnotes":""},"class_list":["post-106","page","type-page","status-publish","hentry"],"acf":[],"yoast_head":"<!-- This site is optimized with the Yoast SEO plugin v27.4 - https:\/\/yoast.com\/product\/yoast-seo-wordpress\/ -->\n<title>SERVIZI - Complexe Loreto<\/title>\n<meta name=\"robots\" content=\"index, follow, max-snippet:-1, max-image-preview:large, max-video-preview:-1\" \/>\n<link rel=\"canonical\" href=\"https:\/\/www.complexeloreto.com\/it\/servizi\/\" \/>\n<meta property=\"og:locale\" content=\"it_IT\" \/>\n<meta property=\"og:type\" content=\"article\" \/>\n<meta property=\"og:title\" content=\"SERVIZI - Complexe Loreto\" \/>\n<meta property=\"og:description\" content=\"PRESTABILIMENTO Cos&#8217;\u00e8 un prestabilimento? Un prestabilimento \u00e8 un servizio offerto dalla sala mortuaria (impresa di pompe funebri) concepito per aiutarvi [&hellip;]\" \/>\n<meta property=\"og:url\" content=\"https:\/\/www.complexeloreto.com\/it\/servizi\/\" \/>\n<meta property=\"og:site_name\" content=\"Complexe Loreto\" \/>\n<meta property=\"article:modified_time\" content=\"2024-08-07T14:58:10+00:00\" \/>\n<meta name=\"twitter:card\" content=\"summary_large_image\" \/>\n<meta name=\"twitter:label1\" content=\"Tempo di lettura stimato\" \/>\n\t<meta name=\"twitter:data1\" content=\"1 minuto\" \/>\n<script type=\"application\/ld+json\" class=\"yoast-schema-graph\">{\"@context\":\"https:\\\/\\\/schema.org\",\"@graph\":[{\"@type\":\"WebPage\",\"@id\":\"https:\\\/\\\/www.complexeloreto.com\\\/it\\\/servizi\\\/\",\"url\":\"https:\\\/\\\/www.complexeloreto.com\\\/it\\\/servizi\\\/\",\"name\":\"SERVIZI - Complexe Loreto\",\"isPartOf\":{\"@id\":\"http:\\\/\\\/www.complexeloreto.com\\\/fr\\\/#website\"},\"datePublished\":\"2016-09-27T14:23:52+00:00\",\"dateModified\":\"2024-08-07T14:58:10+00:00\",\"breadcrumb\":{\"@id\":\"https:\\\/\\\/www.complexeloreto.com\\\/it\\\/servizi\\\/#breadcrumb\"},\"inLanguage\":\"it-IT\",\"potentialAction\":[{\"@type\":\"ReadAction\",\"target\":[\"https:\\\/\\\/www.complexeloreto.com\\\/it\\\/servizi\\\/\"]}]},{\"@type\":\"BreadcrumbList\",\"@id\":\"https:\\\/\\\/www.complexeloreto.com\\\/it\\\/servizi\\\/#breadcrumb\",\"itemListElement\":[{\"@type\":\"ListItem\",\"position\":1,\"name\":\"Home\",\"item\":\"https:\\\/\\\/www.complexeloreto.com\\\/it\\\/\"},{\"@type\":\"ListItem\",\"position\":2,\"name\":\"SERVIZI\"}]},{\"@type\":\"WebSite\",\"@id\":\"http:\\\/\\\/www.complexeloreto.com\\\/fr\\\/#website\",\"url\":\"http:\\\/\\\/www.complexeloreto.com\\\/fr\\\/\",\"name\":\"Complexe Loreto\",\"description\":\"Complexe Fun\u00e9raire Loreto II Lt\u00e9e\",\"publisher\":{\"@id\":\"http:\\\/\\\/www.complexeloreto.com\\\/fr\\\/#organization\"},\"potentialAction\":[{\"@type\":\"SearchAction\",\"target\":{\"@type\":\"EntryPoint\",\"urlTemplate\":\"http:\\\/\\\/www.complexeloreto.com\\\/fr\\\/?s={search_term_string}\"},\"query-input\":{\"@type\":\"PropertyValueSpecification\",\"valueRequired\":true,\"valueName\":\"search_term_string\"}}],\"inLanguage\":\"it-IT\"},{\"@type\":\"Organization\",\"@id\":\"http:\\\/\\\/www.complexeloreto.com\\\/fr\\\/#organization\",\"name\":\"Complexe Loreto\",\"url\":\"http:\\\/\\\/www.complexeloreto.com\\\/fr\\\/\",\"logo\":{\"@type\":\"ImageObject\",\"inLanguage\":\"it-IT\",\"@id\":\"http:\\\/\\\/www.complexeloreto.com\\\/fr\\\/#\\\/schema\\\/logo\\\/image\\\/\",\"url\":\"https:\\\/\\\/www.complexeloreto.com\\\/wp-content\\\/uploads\\\/logo_transparent2-1.png\",\"contentUrl\":\"https:\\\/\\\/www.complexeloreto.com\\\/wp-content\\\/uploads\\\/logo_transparent2-1.png\",\"width\":196,\"height\":110,\"caption\":\"Complexe Loreto\"},\"image\":{\"@id\":\"http:\\\/\\\/www.complexeloreto.com\\\/fr\\\/#\\\/schema\\\/logo\\\/image\\\/\"}}]}<\/script>\n<!-- \/ Yoast SEO plugin. -->","yoast_head_json":{"title":"SERVIZI - Complexe Loreto","robots":{"index":"index","follow":"follow","max-snippet":"max-snippet:-1","max-image-preview":"max-image-preview:large","max-video-preview":"max-video-preview:-1"},"canonical":"https:\/\/www.complexeloreto.com\/it\/servizi\/","og_locale":"it_IT","og_type":"article","og_title":"SERVIZI - Complexe Loreto","og_description":"PRESTABILIMENTO Cos&#8217;\u00e8 un prestabilimento? Un prestabilimento \u00e8 un servizio offerto dalla sala mortuaria (impresa di pompe funebri) concepito per aiutarvi [&hellip;]","og_url":"https:\/\/www.complexeloreto.com\/it\/servizi\/","og_site_name":"Complexe Loreto","article_modified_time":"2024-08-07T14:58:10+00:00","twitter_card":"summary_large_image","twitter_misc":{"Tempo di lettura stimato":"1 minuto"},"schema":{"@context":"https:\/\/schema.org","@graph":[{"@type":"WebPage","@id":"https:\/\/www.complexeloreto.com\/it\/servizi\/","url":"https:\/\/www.complexeloreto.com\/it\/servizi\/","name":"SERVIZI - Complexe Loreto","isPartOf":{"@id":"http:\/\/www.complexeloreto.com\/fr\/#website"},"datePublished":"2016-09-27T14:23:52+00:00","dateModified":"2024-08-07T14:58:10+00:00","breadcrumb":{"@id":"https:\/\/www.complexeloreto.com\/it\/servizi\/#breadcrumb"},"inLanguage":"it-IT","potentialAction":[{"@type":"ReadAction","target":["https:\/\/www.complexeloreto.com\/it\/servizi\/"]}]},{"@type":"BreadcrumbList","@id":"https:\/\/www.complexeloreto.com\/it\/servizi\/#breadcrumb","itemListElement":[{"@type":"ListItem","position":1,"name":"Home","item":"https:\/\/www.complexeloreto.com\/it\/"},{"@type":"ListItem","position":2,"name":"SERVIZI"}]},{"@type":"WebSite","@id":"http:\/\/www.complexeloreto.com\/fr\/#website","url":"http:\/\/www.complexeloreto.com\/fr\/","name":"Complexe Loreto","description":"Complexe Fun\u00e9raire Loreto II Lt\u00e9e","publisher":{"@id":"http:\/\/www.complexeloreto.com\/fr\/#organization"},"potentialAction":[{"@type":"SearchAction","target":{"@type":"EntryPoint","urlTemplate":"http:\/\/www.complexeloreto.com\/fr\/?s={search_term_string}"},"query-input":{"@type":"PropertyValueSpecification","valueRequired":true,"valueName":"search_term_string"}}],"inLanguage":"it-IT"},{"@type":"Organization","@id":"http:\/\/www.complexeloreto.com\/fr\/#organization","name":"Complexe Loreto","url":"http:\/\/www.complexeloreto.com\/fr\/","logo":{"@type":"ImageObject","inLanguage":"it-IT","@id":"http:\/\/www.complexeloreto.com\/fr\/#\/schema\/logo\/image\/","url":"https:\/\/www.complexeloreto.com\/wp-content\/uploads\/logo_transparent2-1.png","contentUrl":"https:\/\/www.complexeloreto.com\/wp-content\/uploads\/logo_transparent2-1.png","width":196,"height":110,"caption":"Complexe Loreto"},"image":{"@id":"http:\/\/www.complexeloreto.com\/fr\/#\/schema\/logo\/image\/"}}]}},"_links":{"self":[{"href":"https:\/\/www.complexeloreto.com\/it\/wp-json\/wp\/v2\/pages\/106","targetHints":{"allow":["GET"]}}],"collection":[{"href":"https:\/\/www.complexeloreto.com\/it\/wp-json\/wp\/v2\/pages"}],"about":[{"href":"https:\/\/www.complexeloreto.com\/it\/wp-json\/wp\/v2\/types\/page"}],"author":[{"embeddable":true,"href":"https:\/\/www.complexeloreto.com\/it\/wp-json\/wp\/v2\/users\/2"}],"replies":[{"embeddable":true,"href":"https:\/\/www.complexeloreto.com\/it\/wp-json\/wp\/v2\/comments?post=106"}],"version-history":[{"count":3,"href":"https:\/\/www.complexeloreto.com\/it\/wp-json\/wp\/v2\/pages\/106\/revisions"}],"predecessor-version":[{"id":13734,"href":"https:\/\/www.complexeloreto.com\/it\/wp-json\/wp\/v2\/pages\/106\/revisions\/13734"}],"wp:attachment":[{"href":"https:\/\/www.complexeloreto.com\/it\/wp-json\/wp\/v2\/media?parent=106"}],"curies":[{"name":"wp","href":"https:\/\/api.w.org\/{rel}","templated":true}]}}