{"id":104,"date":"2016-09-27T14:23:52","date_gmt":"2016-09-27T14:23:52","guid":{"rendered":"http:\/\/www.complexeloreto.com\/fr\/?page_id=104"},"modified":"2024-08-07T13:48:16","modified_gmt":"2024-08-07T13:48:16","slug":"services","status":"publish","type":"page","link":"https:\/\/www.complexeloreto.com\/fr\/services\/","title":{"rendered":"NOS SERVICES"},"content":{"rendered":"\n<h1>\n\t\tServices\n\t<\/h1>\n\t<h1><strong>Arrangements pr\u00e9alables de services fun\u00e9raires (pr\u00e9-arrangement)<\/strong><\/h1>\n<p><strong>Qu&rsquo;est-ce qu&rsquo;un arrangement pr\u00e9alable de services fun\u00e9raires (pr\u00e9-arrangement) ?<\/strong><\/p>\n<p>C&rsquo;est un service offert par le Complexe Fun\u00e9raire Loreto Lt\u00e9e. permettant de planifier \u00e0 l&rsquo;avance des fun\u00e9railles, par un accord pr\u00e9liminaire en assurant d&rsquo;avance les modalit\u00e9s de vos fun\u00e9railles, le type de service d\u00e9sir\u00e9 et les conditions particuli\u00e8res s&rsquo;y rattachant.<\/p>\n<p><strong>Pourquoi pr\u00e9voir ses propres arrangements fun\u00e9raires ?<\/strong><\/p>\n<p>Pour les m\u00eames raisons pour lesquelles on r\u00e9dige un testament ou que l&rsquo;on souscrit \u00e0 une assurance-vie. Le \u00ab pr\u00e9-arrangement \u00bb vous assurera la s\u00e9curit\u00e9 et la tranquillit\u00e9 d&rsquo;esprit des personnes que vous aimez.<\/p>\npermet aussi:<br \/>\n\u2022\u00a0d&rsquo;\u00e9taler les paiements selon l&rsquo;entente prise avec le conseiller.<br \/>\n\u2022 de rester \u00e0 l&rsquo;abri des hausses de prix.\n<p>De plus, vos proches seront au courant de vos attentes et de vos pr\u00e9f\u00e9rences. Ils ne seront pas pris au d\u00e9pourvu au moment de votre d\u00e9c\u00e8s.<\/p>\n<h2>\n\t\tNOUS JOINDRE\n\t<\/h2>\n\t\t\t\t<img loading=\"lazy\" decoding=\"async\" src=\"https:\/\/www.complexeloreto.com\/wp-content\/uploads\/services3.jpg\" alt=\"services3\" itemprop=\"image\" height=\"570\" width=\"400\" title=\"services3\" onerror=\"this.style.display='none'\"  \/>\n\n","protected":false},"excerpt":{"rendered":"<p>Services Arrangements pr\u00e9alables de services fun\u00e9raires (pr\u00e9-arrangement) Qu&rsquo;est-ce qu&rsquo;un arrangement pr\u00e9alable de services fun\u00e9raires (pr\u00e9-arrangement) ? C&rsquo;est un service offert [&hellip;]<\/p>\n","protected":false},"author":2,"featured_media":0,"parent":0,"menu_order":0,"comment_status":"closed","ping_status":"closed","template":"","meta":{"_acf_changed":false,"site-sidebar-layout":"default","site-content-layout":"","ast-site-content-layout":"default","site-content-style":"default","site-sidebar-style":"default","ast-global-header-display":"","ast-banner-title-visibility":"","ast-main-header-display":"","ast-hfb-above-header-display":"","ast-hfb-below-header-display":"","ast-hfb-mobile-header-display":"","site-post-title":"disabled","ast-breadcrumbs-content":"","ast-featured-img":"","footer-sml-layout":"","ast-disable-related-posts":"","theme-transparent-header-meta":"default","adv-header-id-meta":"","stick-header-meta":"","header-above-stick-meta":"","header-main-stick-meta":"","header-below-stick-meta":"","astra-migrate-meta-layouts":"default","ast-page-background-enabled":"default","ast-page-background-meta":{"desktop":{"background-color":"var(--ast-global-color-4)","background-image":"","background-repeat":"repeat","background-position":"center center","background-size":"auto","background-attachment":"scroll","background-type":"","background-media":"","overlay-type":"","overlay-color":"","overlay-opacity":"","overlay-gradient":""},"tablet":{"background-color":"","background-image":"","background-repeat":"repeat","background-position":"center center","background-size":"auto","background-attachment":"scroll","background-type":"","background-media":"","overlay-type":"","overlay-color":"","overlay-opacity":"","overlay-gradient":""},"mobile":{"background-color":"","background-image":"","background-repeat":"repeat","background-position":"center center","background-size":"auto","background-attachment":"scroll","background-type":"","background-media":"","overlay-type":"","overlay-color":"","overlay-opacity":"","overlay-gradient":""}},"ast-content-background-meta":{"desktop":{"background-color":"var(--ast-global-color-5)","background-image":"","background-repeat":"repeat","background-position":"center center","background-size":"auto","background-attachment":"scroll","background-type":"","background-media":"","overlay-type":"","overlay-color":"","overlay-opacity":"","overlay-gradient":""},"tablet":{"background-color":"var(--ast-global-color-5)","background-image":"","background-repeat":"repeat","background-position":"center center","background-size":"auto","background-attachment":"scroll","background-type":"","background-media":"","overlay-type":"","overlay-color":"","overlay-opacity":"","overlay-gradient":""},"mobile":{"background-color":"var(--ast-global-color-5)","background-image":"","background-repeat":"repeat","background-position":"center center","background-size":"auto","background-attachment":"scroll","background-type":"","background-media":"","overlay-type":"","overlay-color":"","overlay-opacity":"","overlay-gradient":""}},"footnotes":""},"class_list":["post-104","page","type-page","status-publish","hentry"],"acf":[],"yoast_head":"<!-- This site is optimized with the Yoast SEO plugin v27.4 - https:\/\/yoast.com\/product\/yoast-seo-wordpress\/ -->\n<title>NOS SERVICES - Complexe Loreto<\/title>\n<meta name=\"robots\" content=\"index, follow, max-snippet:-1, max-image-preview:large, max-video-preview:-1\" \/>\n<link rel=\"canonical\" href=\"https:\/\/www.complexeloreto.com\/fr\/services\/\" \/>\n<meta property=\"og:locale\" content=\"fr_FR\" \/>\n<meta property=\"og:type\" content=\"article\" \/>\n<meta property=\"og:title\" content=\"NOS SERVICES - Complexe Loreto\" \/>\n<meta property=\"og:description\" content=\"Services Arrangements pr\u00e9alables de services fun\u00e9raires (pr\u00e9-arrangement) Qu&rsquo;est-ce qu&rsquo;un arrangement pr\u00e9alable de services fun\u00e9raires (pr\u00e9-arrangement) ? C&rsquo;est un service offert [&hellip;]\" \/>\n<meta property=\"og:url\" content=\"https:\/\/www.complexeloreto.com\/fr\/services\/\" \/>\n<meta property=\"og:site_name\" content=\"Complexe Loreto\" \/>\n<meta property=\"article:modified_time\" content=\"2024-08-07T13:48:16+00:00\" \/>\n<meta property=\"og:image\" content=\"https:\/\/www.complexeloreto.com\/wp-content\/uploads\/services3.jpg\" \/>\n<meta name=\"twitter:card\" content=\"summary_large_image\" \/>\n<meta name=\"twitter:label1\" content=\"Dur\u00e9e de lecture estim\u00e9e\" \/>\n\t<meta name=\"twitter:data1\" content=\"1 minute\" \/>\n<script type=\"application\/ld+json\" class=\"yoast-schema-graph\">{\"@context\":\"https:\\\/\\\/schema.org\",\"@graph\":[{\"@type\":\"WebPage\",\"@id\":\"https:\\\/\\\/www.complexeloreto.com\\\/fr\\\/services\\\/\",\"url\":\"https:\\\/\\\/www.complexeloreto.com\\\/fr\\\/services\\\/\",\"name\":\"NOS SERVICES - Complexe Loreto\",\"isPartOf\":{\"@id\":\"http:\\\/\\\/www.complexeloreto.com\\\/fr\\\/#website\"},\"primaryImageOfPage\":{\"@id\":\"https:\\\/\\\/www.complexeloreto.com\\\/fr\\\/services\\\/#primaryimage\"},\"image\":{\"@id\":\"https:\\\/\\\/www.complexeloreto.com\\\/fr\\\/services\\\/#primaryimage\"},\"thumbnailUrl\":\"https:\\\/\\\/www.complexeloreto.com\\\/wp-content\\\/uploads\\\/services3.jpg\",\"datePublished\":\"2016-09-27T14:23:52+00:00\",\"dateModified\":\"2024-08-07T13:48:16+00:00\",\"breadcrumb\":{\"@id\":\"https:\\\/\\\/www.complexeloreto.com\\\/fr\\\/services\\\/#breadcrumb\"},\"inLanguage\":\"fr-FR\",\"potentialAction\":[{\"@type\":\"ReadAction\",\"target\":[\"https:\\\/\\\/www.complexeloreto.com\\\/fr\\\/services\\\/\"]}]},{\"@type\":\"ImageObject\",\"inLanguage\":\"fr-FR\",\"@id\":\"https:\\\/\\\/www.complexeloreto.com\\\/fr\\\/services\\\/#primaryimage\",\"url\":\"https:\\\/\\\/www.complexeloreto.com\\\/wp-content\\\/uploads\\\/services3.jpg\",\"contentUrl\":\"https:\\\/\\\/www.complexeloreto.com\\\/wp-content\\\/uploads\\\/services3.jpg\"},{\"@type\":\"BreadcrumbList\",\"@id\":\"https:\\\/\\\/www.complexeloreto.com\\\/fr\\\/services\\\/#breadcrumb\",\"itemListElement\":[{\"@type\":\"ListItem\",\"position\":1,\"name\":\"Home\",\"item\":\"https:\\\/\\\/www.complexeloreto.com\\\/fr\\\/\"},{\"@type\":\"ListItem\",\"position\":2,\"name\":\"NOS SERVICES\"}]},{\"@type\":\"WebSite\",\"@id\":\"http:\\\/\\\/www.complexeloreto.com\\\/fr\\\/#website\",\"url\":\"http:\\\/\\\/www.complexeloreto.com\\\/fr\\\/\",\"name\":\"Complexe Loreto\",\"description\":\"Complexe Fun\u00e9raire Loreto II Lt\u00e9e\",\"publisher\":{\"@id\":\"http:\\\/\\\/www.complexeloreto.com\\\/fr\\\/#organization\"},\"potentialAction\":[{\"@type\":\"SearchAction\",\"target\":{\"@type\":\"EntryPoint\",\"urlTemplate\":\"http:\\\/\\\/www.complexeloreto.com\\\/fr\\\/?s={search_term_string}\"},\"query-input\":{\"@type\":\"PropertyValueSpecification\",\"valueRequired\":true,\"valueName\":\"search_term_string\"}}],\"inLanguage\":\"fr-FR\"},{\"@type\":\"Organization\",\"@id\":\"http:\\\/\\\/www.complexeloreto.com\\\/fr\\\/#organization\",\"name\":\"Complexe Loreto\",\"url\":\"http:\\\/\\\/www.complexeloreto.com\\\/fr\\\/\",\"logo\":{\"@type\":\"ImageObject\",\"inLanguage\":\"fr-FR\",\"@id\":\"http:\\\/\\\/www.complexeloreto.com\\\/fr\\\/#\\\/schema\\\/logo\\\/image\\\/\",\"url\":\"https:\\\/\\\/www.complexeloreto.com\\\/wp-content\\\/uploads\\\/logo_transparent2-1.png\",\"contentUrl\":\"https:\\\/\\\/www.complexeloreto.com\\\/wp-content\\\/uploads\\\/logo_transparent2-1.png\",\"width\":196,\"height\":110,\"caption\":\"Complexe Loreto\"},\"image\":{\"@id\":\"http:\\\/\\\/www.complexeloreto.com\\\/fr\\\/#\\\/schema\\\/logo\\\/image\\\/\"}}]}<\/script>\n<!-- \/ Yoast SEO plugin. -->","yoast_head_json":{"title":"NOS SERVICES - Complexe Loreto","robots":{"index":"index","follow":"follow","max-snippet":"max-snippet:-1","max-image-preview":"max-image-preview:large","max-video-preview":"max-video-preview:-1"},"canonical":"https:\/\/www.complexeloreto.com\/fr\/services\/","og_locale":"fr_FR","og_type":"article","og_title":"NOS SERVICES - Complexe Loreto","og_description":"Services Arrangements pr\u00e9alables de services fun\u00e9raires (pr\u00e9-arrangement) Qu&rsquo;est-ce qu&rsquo;un arrangement pr\u00e9alable de services fun\u00e9raires (pr\u00e9-arrangement) ? C&rsquo;est un service offert [&hellip;]","og_url":"https:\/\/www.complexeloreto.com\/fr\/services\/","og_site_name":"Complexe Loreto","article_modified_time":"2024-08-07T13:48:16+00:00","og_image":[{"url":"https:\/\/www.complexeloreto.com\/wp-content\/uploads\/services3.jpg","type":"","width":"","height":""}],"twitter_card":"summary_large_image","twitter_misc":{"Dur\u00e9e de lecture estim\u00e9e":"1 minute"},"schema":{"@context":"https:\/\/schema.org","@graph":[{"@type":"WebPage","@id":"https:\/\/www.complexeloreto.com\/fr\/services\/","url":"https:\/\/www.complexeloreto.com\/fr\/services\/","name":"NOS SERVICES - Complexe Loreto","isPartOf":{"@id":"http:\/\/www.complexeloreto.com\/fr\/#website"},"primaryImageOfPage":{"@id":"https:\/\/www.complexeloreto.com\/fr\/services\/#primaryimage"},"image":{"@id":"https:\/\/www.complexeloreto.com\/fr\/services\/#primaryimage"},"thumbnailUrl":"https:\/\/www.complexeloreto.com\/wp-content\/uploads\/services3.jpg","datePublished":"2016-09-27T14:23:52+00:00","dateModified":"2024-08-07T13:48:16+00:00","breadcrumb":{"@id":"https:\/\/www.complexeloreto.com\/fr\/services\/#breadcrumb"},"inLanguage":"fr-FR","potentialAction":[{"@type":"ReadAction","target":["https:\/\/www.complexeloreto.com\/fr\/services\/"]}]},{"@type":"ImageObject","inLanguage":"fr-FR","@id":"https:\/\/www.complexeloreto.com\/fr\/services\/#primaryimage","url":"https:\/\/www.complexeloreto.com\/wp-content\/uploads\/services3.jpg","contentUrl":"https:\/\/www.complexeloreto.com\/wp-content\/uploads\/services3.jpg"},{"@type":"BreadcrumbList","@id":"https:\/\/www.complexeloreto.com\/fr\/services\/#breadcrumb","itemListElement":[{"@type":"ListItem","position":1,"name":"Home","item":"https:\/\/www.complexeloreto.com\/fr\/"},{"@type":"ListItem","position":2,"name":"NOS SERVICES"}]},{"@type":"WebSite","@id":"http:\/\/www.complexeloreto.com\/fr\/#website","url":"http:\/\/www.complexeloreto.com\/fr\/","name":"Complexe Loreto","description":"Complexe Fun\u00e9raire Loreto II Lt\u00e9e","publisher":{"@id":"http:\/\/www.complexeloreto.com\/fr\/#organization"},"potentialAction":[{"@type":"SearchAction","target":{"@type":"EntryPoint","urlTemplate":"http:\/\/www.complexeloreto.com\/fr\/?s={search_term_string}"},"query-input":{"@type":"PropertyValueSpecification","valueRequired":true,"valueName":"search_term_string"}}],"inLanguage":"fr-FR"},{"@type":"Organization","@id":"http:\/\/www.complexeloreto.com\/fr\/#organization","name":"Complexe Loreto","url":"http:\/\/www.complexeloreto.com\/fr\/","logo":{"@type":"ImageObject","inLanguage":"fr-FR","@id":"http:\/\/www.complexeloreto.com\/fr\/#\/schema\/logo\/image\/","url":"https:\/\/www.complexeloreto.com\/wp-content\/uploads\/logo_transparent2-1.png","contentUrl":"https:\/\/www.complexeloreto.com\/wp-content\/uploads\/logo_transparent2-1.png","width":196,"height":110,"caption":"Complexe Loreto"},"image":{"@id":"http:\/\/www.complexeloreto.com\/fr\/#\/schema\/logo\/image\/"}}]}},"_links":{"self":[{"href":"https:\/\/www.complexeloreto.com\/fr\/wp-json\/wp\/v2\/pages\/104","targetHints":{"allow":["GET"]}}],"collection":[{"href":"https:\/\/www.complexeloreto.com\/fr\/wp-json\/wp\/v2\/pages"}],"about":[{"href":"https:\/\/www.complexeloreto.com\/fr\/wp-json\/wp\/v2\/types\/page"}],"author":[{"embeddable":true,"href":"https:\/\/www.complexeloreto.com\/fr\/wp-json\/wp\/v2\/users\/2"}],"replies":[{"embeddable":true,"href":"https:\/\/www.complexeloreto.com\/fr\/wp-json\/wp\/v2\/comments?post=104"}],"version-history":[{"count":4,"href":"https:\/\/www.complexeloreto.com\/fr\/wp-json\/wp\/v2\/pages\/104\/revisions"}],"predecessor-version":[{"id":13716,"href":"https:\/\/www.complexeloreto.com\/fr\/wp-json\/wp\/v2\/pages\/104\/revisions\/13716"}],"wp:attachment":[{"href":"https:\/\/www.complexeloreto.com\/fr\/wp-json\/wp\/v2\/media?parent=104"}],"curies":[{"name":"wp","href":"https:\/\/api.w.org\/{rel}","templated":true}]}}